{"id":876,"date":"2026-02-23T21:24:06","date_gmt":"2026-02-23T21:24:06","guid":{"rendered":"https:\/\/unispourtous.fr\/?page_id=876"},"modified":"2026-03-08T21:46:12","modified_gmt":"2026-03-08T21:46:12","slug":"newletters","status":"publish","type":"page","link":"https:\/\/unispourtous.fr\/index.php\/newletters\/","title":{"rendered":"NewLetters"},"content":{"rendered":"\t\t<div data-elementor-type=\"wp-page\" data-elementor-id=\"876\" class=\"elementor elementor-876\" data-elementor-post-type=\"page\">\n\t\t\t\t<div class=\"elementor-element elementor-element-e272da1 e-flex e-con-boxed e-con e-parent\" data-id=\"e272da1\" data-element_type=\"container\">\n\t\t\t\t\t<div class=\"e-con-inner\">\n\t\t\t\t<div class=\"elementor-element elementor-element-49b196d elementor-align-center elementor-widget elementor-widget-button\" data-id=\"49b196d\" data-element_type=\"widget\" data-widget_type=\"button.default\">\n\t\t\t\t\t\t\t\t\t\t<a class=\"elementor-button elementor-button-link elementor-size-sm\" href=\"https:\/\/unispourtous.fr\/index.php\/Newsletter0\">\n\t\t\t\t\t\t<span class=\"elementor-button-content-wrapper\">\n\t\t\t\t\t\t\t\t\t<span class=\"elementor-button-text\">NewsLetter1 - 01 f\u00e9vrier 2026<\/span>\n\t\t\t\t\t<\/span>\n\t\t\t\t\t<\/a>\n\t\t\t\t\t\t\t\t<\/div>\n\t\t\t\t\t<\/div>\n\t\t\t\t<\/div>\n\t\t<div class=\"elementor-element elementor-element-b66c29f e-flex e-con-boxed e-con e-parent\" data-id=\"b66c29f\" data-element_type=\"container\">\n\t\t\t\t\t<div class=\"e-con-inner\">\n\t\t\t\t<div class=\"elementor-element elementor-element-158edc3 elementor-align-center elementor-widget elementor-widget-button\" data-id=\"158edc3\" data-element_type=\"widget\" data-widget_type=\"button.default\">\n\t\t\t\t\t\t\t\t\t\t<a class=\"elementor-button elementor-button-link elementor-size-sm\" href=\"https:\/\/unispourtous.fr\/index.php\/Newsletter1\">\n\t\t\t\t\t\t<span class=\"elementor-button-content-wrapper\">\n\t\t\t\t\t\t\t\t\t<span class=\"elementor-button-text\">NewsLetter2 - 21 f\u00e9vrier 2026<\/span>\n\t\t\t\t\t<\/span>\n\t\t\t\t\t<\/a>\n\t\t\t\t\t\t\t\t<\/div>\n\t\t\t\t\t<\/div>\n\t\t\t\t<\/div>\n\t\t<div class=\"elementor-element elementor-element-c20bce0 e-flex e-con-boxed e-con e-parent\" data-id=\"c20bce0\" data-element_type=\"container\">\n\t\t\t\t\t<div class=\"e-con-inner\">\n\t\t\t\t<div class=\"elementor-element elementor-element-39d97bb elementor-align-center elementor-widget elementor-widget-button\" data-id=\"39d97bb\" data-element_type=\"widget\" data-widget_type=\"button.default\">\n\t\t\t\t\t\t\t\t\t\t<a class=\"elementor-button elementor-button-link elementor-size-sm\" href=\"https:\/\/unispourtous.fr\/index.php\/NewsLetter2\">\n\t\t\t\t\t\t<span class=\"elementor-button-content-wrapper\">\n\t\t\t\t\t\t\t\t\t<span class=\"elementor-button-text\">NewsLetter3 - 28 F\u00e9vrier 2026<\/span>\n\t\t\t\t\t<\/span>\n\t\t\t\t\t<\/a>\n\t\t\t\t\t\t\t\t<\/div>\n\t\t\t\t\t<\/div>\n\t\t\t\t<\/div>\n\t\t<div class=\"elementor-element elementor-element-5892069 e-flex e-con-boxed e-con e-parent\" data-id=\"5892069\" data-element_type=\"container\">\n\t\t\t\t\t<div class=\"e-con-inner\">\n\t\t\t\t<div class=\"elementor-element elementor-element-290a696 elementor-align-center elementor-widget elementor-widget-button\" data-id=\"290a696\" data-element_type=\"widget\" data-widget_type=\"button.default\">\n\t\t\t\t\t\t\t\t\t\t<a class=\"elementor-button elementor-button-link elementor-size-sm\" href=\"https:\/\/unispourtous.fr\/index.php\/NewsLetter3\">\n\t\t\t\t\t\t<span class=\"elementor-button-content-wrapper\">\n\t\t\t\t\t\t\t\t\t<span class=\"elementor-button-text\">NewsLetter4 - 7 Mars 2026<\/span>\n\t\t\t\t\t<\/span>\n\t\t\t\t\t<\/a>\n\t\t\t\t\t\t\t\t<\/div>\n\t\t\t\t\t<\/div>\n\t\t\t\t<\/div>\n\t\t\t\t<\/div>\n\t\t","protected":false},"excerpt":{"rendered":"<p>NewsLetter1 &#8211; 01 f\u00e9vrier 2026 NewsLetter2 &#8211; 21 f\u00e9vrier 2026 NewsLetter3 &#8211; 28 F\u00e9vrier 2026 NewsLetter4 &#8211; 7 Mars 2026<\/p>\n","protected":false},"author":1,"featured_media":0,"parent":0,"menu_order":0,"comment_status":"closed","ping_status":"closed","template":"","meta":{"footnotes":""},"class_list":["post-876","page","type-page","status-publish","hentry"],"_links":{"self":[{"href":"https:\/\/unispourtous.fr\/index.php\/wp-json\/wp\/v2\/pages\/876","targetHints":{"allow":["GET"]}}],"collection":[{"href":"https:\/\/unispourtous.fr\/index.php\/wp-json\/wp\/v2\/pages"}],"about":[{"href":"https:\/\/unispourtous.fr\/index.php\/wp-json\/wp\/v2\/types\/page"}],"author":[{"embeddable":true,"href":"https:\/\/unispourtous.fr\/index.php\/wp-json\/wp\/v2\/users\/1"}],"replies":[{"embeddable":true,"href":"https:\/\/unispourtous.fr\/index.php\/wp-json\/wp\/v2\/comments?post=876"}],"version-history":[{"count":22,"href":"https:\/\/unispourtous.fr\/index.php\/wp-json\/wp\/v2\/pages\/876\/revisions"}],"predecessor-version":[{"id":1013,"href":"https:\/\/unispourtous.fr\/index.php\/wp-json\/wp\/v2\/pages\/876\/revisions\/1013"}],"wp:attachment":[{"href":"https:\/\/unispourtous.fr\/index.php\/wp-json\/wp\/v2\/media?parent=876"}],"curies":[{"name":"wp","href":"https:\/\/api.w.org\/{rel}","templated":true}]}}