{"id":417,"date":"2026-02-01T17:21:02","date_gmt":"2026-02-01T17:21:02","guid":{"rendered":"https:\/\/unispourtous.fr\/?page_id=417"},"modified":"2026-03-11T11:34:45","modified_gmt":"2026-03-11T11:34:45","slug":"actualites","status":"publish","type":"page","link":"https:\/\/unispourtous.fr\/index.php\/actualites\/","title":{"rendered":"Actualit\u00e9s"},"content":{"rendered":"\t\t<div data-elementor-type=\"wp-page\" data-elementor-id=\"417\" class=\"elementor elementor-417\" data-elementor-post-type=\"page\">\n\t\t\t\t<div class=\"elementor-element elementor-element-ea04ab9 e-flex e-con-boxed e-con e-parent\" data-id=\"ea04ab9\" data-element_type=\"container\">\n\t\t\t\t\t<div class=\"e-con-inner\">\n\t\t\t\t<div class=\"elementor-element elementor-element-6937ede elementor-widget elementor-widget-heading\" data-id=\"6937ede\" data-element_type=\"widget\" data-widget_type=\"heading.default\">\n\t\t\t\t\t<h2 class=\"elementor-heading-title elementor-size-default\">Retour sur la journ\u00e9e internationale des luttes des droits des femmes le 8 mars<\/h2>\t\t\t\t<\/div>\n\t\t\t\t\t<\/div>\n\t\t\t\t<\/div>\n\t\t<div class=\"elementor-element elementor-element-018136d e-flex e-con-boxed e-con e-parent\" data-id=\"018136d\" data-element_type=\"container\">\n\t\t\t\t\t<div class=\"e-con-inner\">\n\t\t\t\t<div class=\"elementor-element elementor-element-9c0aa90 elementor-widget elementor-widget-video\" data-id=\"9c0aa90\" data-element_type=\"widget\" data-settings=\"{&quot;video_type&quot;:&quot;hosted&quot;,&quot;start&quot;:0,&quot;controls&quot;:&quot;yes&quot;}\" data-widget_type=\"video.default\">\n\t\t\t\t\t\t\t<div class=\"e-hosted-video elementor-wrapper elementor-open-inline\">\n\t\t\t\t\t<video class=\"elementor-video\" src=\"https:\/\/unispourtous.fr\/wp-content\/uploads\/2026\/03\/Isabelle-CATRAIN-GOUDEAU-8-mars-2026.mov\" controls=\"\" preload=\"metadata\" controlsList=\"nodownload\"><\/video>\n\t\t\t\t<\/div>\n\t\t\t\t\t\t<\/div>\n\t\t\t\t\t<\/div>\n\t\t\t\t<\/div>\n\t\t<div class=\"elementor-element elementor-element-989cbaa e-flex e-con-boxed e-con e-parent\" data-id=\"989cbaa\" data-element_type=\"container\">\n\t\t\t\t\t<div class=\"e-con-inner\">\n\t\t\t\t<div class=\"elementor-element elementor-element-b0b16b4 elementor-widget elementor-widget-text-editor\" data-id=\"b0b16b4\" data-element_type=\"widget\" data-widget_type=\"text-editor.default\">\n\t\t\t\t\t\t\t\t\t<p>RETROUVEZ-NOUS POUR ECHANGER<\/p><p>MERCREDI 11 MARS &#8211; 20h<\/p><p>SALLE BERLIOZ<\/p><p>Pr\u00e9sentation du programme, de la liste, \u00e9changes avec vous<\/p>\t\t\t\t\t\t\t\t<\/div>\n\t\t\t\t\t<\/div>\n\t\t\t\t<\/div>\n\t\t<div class=\"elementor-element elementor-element-e3676bb e-flex e-con-boxed e-con e-parent\" data-id=\"e3676bb\" data-element_type=\"container\">\n\t\t\t\t\t<div class=\"e-con-inner\">\n\t\t\t\t<div class=\"elementor-element elementor-element-7d091c9 elementor-widget elementor-widget-image\" data-id=\"7d091c9\" data-element_type=\"widget\" data-widget_type=\"image.default\">\n\t\t\t\t\t\t\t\t\t\t\t\t\t\t\t<img fetchpriority=\"high\" decoding=\"async\" width=\"300\" height=\"200\" src=\"https:\/\/unispourtous.fr\/wp-content\/uploads\/2026\/02\/reunion-publique-300x200.jpg\" class=\"attachment-medium size-medium wp-image-936\" alt=\"\" srcset=\"https:\/\/unispourtous.fr\/wp-content\/uploads\/2026\/02\/reunion-publique-300x200.jpg 300w, https:\/\/unispourtous.fr\/wp-content\/uploads\/2026\/02\/reunion-publique-768x512.jpg 768w, https:\/\/unispourtous.fr\/wp-content\/uploads\/2026\/02\/reunion-publique.jpg 900w\" sizes=\"(max-width: 300px) 100vw, 300px\" \/>\t\t\t\t\t\t\t\t\t\t\t\t\t\t\t<\/div>\n\t\t\t\t\t<\/div>\n\t\t\t\t<\/div>\n\t\t<div class=\"elementor-element elementor-element-7d9c1ae e-flex e-con-boxed e-con e-parent\" data-id=\"7d9c1ae\" data-element_type=\"container\">\n\t\t\t\t\t<div class=\"e-con-inner\">\n\t\t\t\t<div class=\"elementor-element elementor-element-72ccca4 elementor-widget elementor-widget-heading\" data-id=\"72ccca4\" data-element_type=\"widget\" data-widget_type=\"heading.default\">\n\t\t\t\t\t<h2 class=\"elementor-heading-title elementor-size-default\">Unis, Saint Michel pour Tous \u00e0 votre rencontre \u00e0 la gare<\/h2>\t\t\t\t<\/div>\n\t\t\t\t\t<\/div>\n\t\t\t\t<\/div>\n\t\t<div class=\"elementor-element elementor-element-c364c4b e-grid e-con-boxed e-con e-parent\" data-id=\"c364c4b\" data-element_type=\"container\">\n\t\t\t\t\t<div class=\"e-con-inner\">\n\t\t\t\t<div class=\"elementor-element elementor-element-2a634c7 elementor-widget elementor-widget-image\" data-id=\"2a634c7\" data-element_type=\"widget\" data-widget_type=\"image.default\">\n\t\t\t\t\t\t\t\t\t\t\t\t\t\t\t<img decoding=\"async\" width=\"225\" height=\"300\" src=\"https:\/\/unispourtous.fr\/wp-content\/uploads\/2026\/02\/WhatsApp-Image-2026-02-25-at-10.04.14-225x300.jpeg\" class=\"attachment-medium size-medium wp-image-917\" alt=\"\" srcset=\"https:\/\/unispourtous.fr\/wp-content\/uploads\/2026\/02\/WhatsApp-Image-2026-02-25-at-10.04.14-225x300.jpeg 225w, https:\/\/unispourtous.fr\/wp-content\/uploads\/2026\/02\/WhatsApp-Image-2026-02-25-at-10.04.14-768x1024.jpeg 768w, https:\/\/unispourtous.fr\/wp-content\/uploads\/2026\/02\/WhatsApp-Image-2026-02-25-at-10.04.14-1152x1536.jpeg 1152w, https:\/\/unispourtous.fr\/wp-content\/uploads\/2026\/02\/WhatsApp-Image-2026-02-25-at-10.04.14.jpeg 1536w\" sizes=\"(max-width: 225px) 100vw, 225px\" \/>\t\t\t\t\t\t\t\t\t\t\t\t\t\t\t<\/div>\n\t\t\t\t<div class=\"elementor-element elementor-element-2488f5d elementor-widget elementor-widget-image\" data-id=\"2488f5d\" data-element_type=\"widget\" data-widget_type=\"image.default\">\n\t\t\t\t\t\t\t\t\t\t\t\t\t\t\t<img decoding=\"async\" width=\"225\" height=\"300\" src=\"https:\/\/unispourtous.fr\/wp-content\/uploads\/2026\/02\/20260224-2-225x300.jpeg\" class=\"attachment-medium size-medium wp-image-918\" alt=\"\" srcset=\"https:\/\/unispourtous.fr\/wp-content\/uploads\/2026\/02\/20260224-2-225x300.jpeg 225w, https:\/\/unispourtous.fr\/wp-content\/uploads\/2026\/02\/20260224-2-768x1024.jpeg 768w, https:\/\/unispourtous.fr\/wp-content\/uploads\/2026\/02\/20260224-2-1152x1536.jpeg 1152w, https:\/\/unispourtous.fr\/wp-content\/uploads\/2026\/02\/20260224-2.jpeg 1536w\" sizes=\"(max-width: 225px) 100vw, 225px\" \/>\t\t\t\t\t\t\t\t\t\t\t\t\t\t\t<\/div>\n\t\t\t\t<div class=\"elementor-element elementor-element-18b466a elementor-widget elementor-widget-image\" data-id=\"18b466a\" data-element_type=\"widget\" data-widget_type=\"image.default\">\n\t\t\t\t\t\t\t\t\t\t\t\t\t\t\t<img loading=\"lazy\" decoding=\"async\" width=\"183\" height=\"300\" src=\"https:\/\/unispourtous.fr\/wp-content\/uploads\/2026\/02\/20260224-3-e1772012674971-183x300.jpeg\" class=\"attachment-medium size-medium wp-image-919\" alt=\"\" srcset=\"https:\/\/unispourtous.fr\/wp-content\/uploads\/2026\/02\/20260224-3-e1772012674971-183x300.jpeg 183w, https:\/\/unispourtous.fr\/wp-content\/uploads\/2026\/02\/20260224-3-e1772012674971-623x1024.jpeg 623w, https:\/\/unispourtous.fr\/wp-content\/uploads\/2026\/02\/20260224-3-e1772012674971-768x1262.jpeg 768w, https:\/\/unispourtous.fr\/wp-content\/uploads\/2026\/02\/20260224-3-e1772012674971-935x1536.jpeg 935w, https:\/\/unispourtous.fr\/wp-content\/uploads\/2026\/02\/20260224-3-e1772012674971.jpeg 1246w\" sizes=\"(max-width: 183px) 100vw, 183px\" \/>\t\t\t\t\t\t\t\t\t\t\t\t\t\t\t<\/div>\n\t\t\t\t<div class=\"elementor-element elementor-element-d0c0ca8 elementor-widget elementor-widget-video\" data-id=\"d0c0ca8\" data-element_type=\"widget\" data-settings=\"{&quot;video_type&quot;:&quot;hosted&quot;,&quot;controls&quot;:&quot;yes&quot;}\" data-widget_type=\"video.default\">\n\t\t\t\t\t\t\t<div class=\"e-hosted-video elementor-wrapper elementor-open-inline\">\n\t\t\t\t\t<video class=\"elementor-video\" src=\"https:\/\/unispourtous.fr\/wp-content\/uploads\/2026\/02\/20240224-4.mp4\" controls=\"\" preload=\"metadata\" controlsList=\"nodownload\"><\/video>\n\t\t\t\t<\/div>\n\t\t\t\t\t\t<\/div>\n\t\t\t\t\t<\/div>\n\t\t\t\t<\/div>\n\t\t<div class=\"elementor-element elementor-element-fc8ce4d e-flex e-con-boxed e-con e-parent\" data-id=\"fc8ce4d\" data-element_type=\"container\">\n\t\t\t\t\t<div class=\"e-con-inner\">\n\t\t\t\t<div class=\"elementor-element elementor-element-3486e16 elementor-widget elementor-widget-heading\" data-id=\"3486e16\" data-element_type=\"widget\" data-widget_type=\"heading.default\">\n\t\t\t\t\t<h2 class=\"elementor-heading-title elementor-size-default\">S\u00e9ance de travail de la liste Unis, Saint Michel pour Tous<\/h2>\t\t\t\t<\/div>\n\t\t\t\t\t<\/div>\n\t\t\t\t<\/div>\n\t\t<div class=\"elementor-element elementor-element-b92f03c e-grid e-con-full e-con e-parent\" data-id=\"b92f03c\" data-element_type=\"container\">\n\t\t\t\t<div class=\"elementor-element elementor-element-6955375 elementor-widget elementor-widget-image\" data-id=\"6955375\" data-element_type=\"widget\" data-widget_type=\"image.default\">\n\t\t\t\t\t\t\t\t\t\t\t\t\t\t\t<img loading=\"lazy\" decoding=\"async\" width=\"300\" height=\"200\" src=\"https:\/\/unispourtous.fr\/wp-content\/uploads\/2026\/02\/635267136_122122493787188151_2198403544978387720_n-300x200.jpg\" class=\"attachment-medium size-medium wp-image-774\" alt=\"\" srcset=\"https:\/\/unispourtous.fr\/wp-content\/uploads\/2026\/02\/635267136_122122493787188151_2198403544978387720_n-300x200.jpg 300w, https:\/\/unispourtous.fr\/wp-content\/uploads\/2026\/02\/635267136_122122493787188151_2198403544978387720_n-1024x683.jpg 1024w, https:\/\/unispourtous.fr\/wp-content\/uploads\/2026\/02\/635267136_122122493787188151_2198403544978387720_n-768x512.jpg 768w, https:\/\/unispourtous.fr\/wp-content\/uploads\/2026\/02\/635267136_122122493787188151_2198403544978387720_n-1536x1024.jpg 1536w, https:\/\/unispourtous.fr\/wp-content\/uploads\/2026\/02\/635267136_122122493787188151_2198403544978387720_n.jpg 2048w\" sizes=\"(max-width: 300px) 100vw, 300px\" \/>\t\t\t\t\t\t\t\t\t\t\t\t\t\t\t<\/div>\n\t\t\t\t<div class=\"elementor-element elementor-element-19b2f9a elementor-widget elementor-widget-image\" data-id=\"19b2f9a\" data-element_type=\"widget\" data-widget_type=\"image.default\">\n\t\t\t\t\t\t\t\t\t\t\t\t\t\t\t<img loading=\"lazy\" decoding=\"async\" width=\"300\" height=\"200\" src=\"https:\/\/unispourtous.fr\/wp-content\/uploads\/2026\/02\/634802564_122122493673188151_4741598876128860674_n-300x200.jpg\" class=\"attachment-medium size-medium wp-image-775\" alt=\"\" srcset=\"https:\/\/unispourtous.fr\/wp-content\/uploads\/2026\/02\/634802564_122122493673188151_4741598876128860674_n-300x200.jpg 300w, https:\/\/unispourtous.fr\/wp-content\/uploads\/2026\/02\/634802564_122122493673188151_4741598876128860674_n-1024x683.jpg 1024w, https:\/\/unispourtous.fr\/wp-content\/uploads\/2026\/02\/634802564_122122493673188151_4741598876128860674_n-768x512.jpg 768w, https:\/\/unispourtous.fr\/wp-content\/uploads\/2026\/02\/634802564_122122493673188151_4741598876128860674_n-1536x1024.jpg 1536w, https:\/\/unispourtous.fr\/wp-content\/uploads\/2026\/02\/634802564_122122493673188151_4741598876128860674_n.jpg 2048w\" sizes=\"(max-width: 300px) 100vw, 300px\" \/>\t\t\t\t\t\t\t\t\t\t\t\t\t\t\t<\/div>\n\t\t\t\t<div class=\"elementor-element elementor-element-8239c32 elementor-widget elementor-widget-image\" data-id=\"8239c32\" data-element_type=\"widget\" data-widget_type=\"image.default\">\n\t\t\t\t\t\t\t\t\t\t\t\t\t\t\t<img loading=\"lazy\" decoding=\"async\" width=\"300\" height=\"200\" src=\"https:\/\/unispourtous.fr\/wp-content\/uploads\/2026\/02\/636847380_122122493637188151_5347096354996055921_n-300x200.jpg\" class=\"attachment-medium size-medium wp-image-776\" alt=\"\" srcset=\"https:\/\/unispourtous.fr\/wp-content\/uploads\/2026\/02\/636847380_122122493637188151_5347096354996055921_n-300x200.jpg 300w, https:\/\/unispourtous.fr\/wp-content\/uploads\/2026\/02\/636847380_122122493637188151_5347096354996055921_n-1024x683.jpg 1024w, https:\/\/unispourtous.fr\/wp-content\/uploads\/2026\/02\/636847380_122122493637188151_5347096354996055921_n-768x512.jpg 768w, https:\/\/unispourtous.fr\/wp-content\/uploads\/2026\/02\/636847380_122122493637188151_5347096354996055921_n-1536x1024.jpg 1536w, https:\/\/unispourtous.fr\/wp-content\/uploads\/2026\/02\/636847380_122122493637188151_5347096354996055921_n.jpg 2048w\" sizes=\"(max-width: 300px) 100vw, 300px\" \/>\t\t\t\t\t\t\t\t\t\t\t\t\t\t\t<\/div>\n\t\t\t\t<div class=\"elementor-element elementor-element-5657a63 elementor-widget elementor-widget-image\" data-id=\"5657a63\" data-element_type=\"widget\" data-widget_type=\"image.default\">\n\t\t\t\t\t\t\t\t\t\t\t\t\t\t\t<img loading=\"lazy\" decoding=\"async\" width=\"300\" height=\"200\" src=\"https:\/\/unispourtous.fr\/wp-content\/uploads\/2026\/02\/636839315_122122493475188151_7472399964854960353_n-300x200.jpg\" class=\"attachment-medium size-medium wp-image-777\" alt=\"\" srcset=\"https:\/\/unispourtous.fr\/wp-content\/uploads\/2026\/02\/636839315_122122493475188151_7472399964854960353_n-300x200.jpg 300w, https:\/\/unispourtous.fr\/wp-content\/uploads\/2026\/02\/636839315_122122493475188151_7472399964854960353_n-1024x683.jpg 1024w, https:\/\/unispourtous.fr\/wp-content\/uploads\/2026\/02\/636839315_122122493475188151_7472399964854960353_n-768x512.jpg 768w, https:\/\/unispourtous.fr\/wp-content\/uploads\/2026\/02\/636839315_122122493475188151_7472399964854960353_n-1536x1024.jpg 1536w, https:\/\/unispourtous.fr\/wp-content\/uploads\/2026\/02\/636839315_122122493475188151_7472399964854960353_n.jpg 2048w\" sizes=\"(max-width: 300px) 100vw, 300px\" \/>\t\t\t\t\t\t\t\t\t\t\t\t\t\t\t<\/div>\n\t\t\t\t<\/div>\n\t\t<div class=\"elementor-element elementor-element-319ae70 e-flex e-con-boxed e-con e-parent\" data-id=\"319ae70\" data-element_type=\"container\">\n\t\t\t\t\t<div class=\"e-con-inner\">\n\t\t\t\t<div class=\"elementor-element elementor-element-db07566 elementor-widget elementor-widget-heading\" data-id=\"db07566\" data-element_type=\"widget\" data-widget_type=\"heading.default\">\n\t\t\t\t\t<h2 class=\"elementor-heading-title elementor-size-default\">Retour sur la d\u00e9ambulation du 7 f\u00e9vrier<\/h2>\t\t\t\t<\/div>\n\t\t\t\t\t<\/div>\n\t\t\t\t<\/div>\n\t\t<div class=\"elementor-element elementor-element-994d00b e-flex e-con-boxed e-con e-parent\" data-id=\"994d00b\" data-element_type=\"container\">\n\t\t\t\t\t<div class=\"e-con-inner\">\n\t\t\t\t<div class=\"elementor-element elementor-element-f286d8a elementor-widget__width-initial elementor-widget elementor-widget-html\" data-id=\"f286d8a\" data-element_type=\"widget\" data-widget_type=\"html.default\">\n\t\t\t\t\t<iframe width=\"615\" height=\"346\" src=\"https:\/\/www.youtube.com\/embed\/vbhivqy2PhE\" title=\"\" frameborder=\"0\" allow=\"accelerometer; autoplay; clipboard-write; encrypted-media; gyroscope; picture-in-picture; web-share\" referrerpolicy=\"strict-origin-when-cross-origin\" allowfullscreen><\/iframe>\t\t\t\t<\/div>\n\t\t\t\t\t<\/div>\n\t\t\t\t<\/div>\n\t\t<div class=\"elementor-element elementor-element-60d073b e-flex e-con-boxed e-con e-parent\" data-id=\"60d073b\" data-element_type=\"container\">\n\t\t\t\t\t<div class=\"e-con-inner\">\n\t\t\t\t<div class=\"elementor-element elementor-element-e447693 elementor-widget elementor-widget-text-editor\" data-id=\"e447693\" data-element_type=\"widget\" data-widget_type=\"text-editor.default\">\n\t\t\t\t\t\t\t\t\t<p>Lorem ipsum dolor sit amet, consectetur adipiscing elit. Ut elit tellus, luctus nec ullamcorper mattis, pulvinar dapibus leo.<\/p>\t\t\t\t\t\t\t\t<\/div>\n\t\t\t\t\t<\/div>\n\t\t\t\t<\/div>\n\t\t<div class=\"elementor-element elementor-element-0c551aa e-flex e-con-boxed e-con e-parent\" data-id=\"0c551aa\" data-element_type=\"container\">\n\t\t\t\t\t<div class=\"e-con-inner\">\n\t\t\t\t<div class=\"elementor-element elementor-element-9486e9f elementor-widget elementor-widget-image\" data-id=\"9486e9f\" data-element_type=\"widget\" data-widget_type=\"image.default\">\n\t\t\t\t\t\t\t\t\t\t\t\t\t\t\t<img loading=\"lazy\" decoding=\"async\" width=\"800\" height=\"1000\" src=\"https:\/\/unispourtous.fr\/wp-content\/uploads\/2026\/02\/9a939ddb-ae1b-47d7-995d-4d6db05eeef1.jpg-819x1024.png\" class=\"attachment-large size-large wp-image-564\" alt=\"\" srcset=\"https:\/\/unispourtous.fr\/wp-content\/uploads\/2026\/02\/9a939ddb-ae1b-47d7-995d-4d6db05eeef1.jpg-819x1024.png 819w, https:\/\/unispourtous.fr\/wp-content\/uploads\/2026\/02\/9a939ddb-ae1b-47d7-995d-4d6db05eeef1.jpg-240x300.png 240w, https:\/\/unispourtous.fr\/wp-content\/uploads\/2026\/02\/9a939ddb-ae1b-47d7-995d-4d6db05eeef1.jpg-768x960.png 768w, https:\/\/unispourtous.fr\/wp-content\/uploads\/2026\/02\/9a939ddb-ae1b-47d7-995d-4d6db05eeef1.jpg.png 1080w\" sizes=\"(max-width: 800px) 100vw, 800px\" \/>\t\t\t\t\t\t\t\t\t\t\t\t\t\t\t<\/div>\n\t\t\t\t\t<\/div>\n\t\t\t\t<\/div>\n\t\t<div class=\"elementor-element elementor-element-ca90d0f e-flex e-con-boxed e-con e-parent\" data-id=\"ca90d0f\" data-element_type=\"container\">\n\t\t\t\t\t<div class=\"e-con-inner\">\n\t\t\t\t<div class=\"elementor-element elementor-element-be6d9e1 elementor-widget elementor-widget-heading\" data-id=\"be6d9e1\" data-element_type=\"widget\" data-widget_type=\"heading.default\">\n\t\t\t\t\t<h2 class=\"elementor-heading-title elementor-size-default\">D\u00e9ambulation du Samedi 7 F\u00e9vrier<\/h2>\t\t\t\t<\/div>\n\t\t\t\t\t<\/div>\n\t\t\t\t<\/div>\n\t\t<div class=\"elementor-element elementor-element-6412a4c e-grid e-con-full e-con e-parent\" data-id=\"6412a4c\" data-element_type=\"container\">\n\t\t\t\t<div class=\"elementor-element elementor-element-23083a5 elementor-widget elementor-widget-image\" data-id=\"23083a5\" data-element_type=\"widget\" data-widget_type=\"image.default\">\n\t\t\t\t\t\t\t\t\t\t\t\t\t\t\t<img loading=\"lazy\" decoding=\"async\" width=\"562\" height=\"715\" src=\"https:\/\/unispourtous.fr\/wp-content\/uploads\/2026\/01\/Capture-decran-2026-01-27-191148.png\" class=\"attachment-full size-full wp-image-373\" alt=\"\" srcset=\"https:\/\/unispourtous.fr\/wp-content\/uploads\/2026\/01\/Capture-decran-2026-01-27-191148.png 562w, https:\/\/unispourtous.fr\/wp-content\/uploads\/2026\/01\/Capture-decran-2026-01-27-191148-236x300.png 236w\" sizes=\"(max-width: 562px) 100vw, 562px\" \/>\t\t\t\t\t\t\t\t\t\t\t\t\t\t\t<\/div>\n\t\t\t\t<div class=\"elementor-element elementor-element-40da87f elementor-widget elementor-widget-text-editor\" data-id=\"40da87f\" data-element_type=\"widget\" data-widget_type=\"text-editor.default\">\n\t\t\t\t\t\t\t\t\t<p>\u00a0EVENEMENT &#8211; ST MICHEL<\/p><p><strong>Samedi 7 f\u00e9vrier 10h<\/strong><\/p><p>D\u00e9ambulation engag\u00e9e,<\/p><p>artistiquement accompagn\u00e9e !<\/p><p>Venez\u00a0partager ce moment d&rsquo;\u00e9changes et d&rsquo;engagement<\/p><p>dans une ambiance conviviale<\/p><p>pour une culture accessible \u00e0 tous et toutes.<\/p><p><strong>Intervention politique<\/strong> \u00e0 chaque halte pour partager notre vision du changement.<\/p><p>Discours \u00e0 12h d&rsquo;<strong>Isabelle Catrain-Goudeau<\/strong>, t\u00eate de\u00a0liste<\/p><p>\u00a0<\/p><p><img loading=\"lazy\" decoding=\"async\" class=\"alignnone size-medium wp-image-439\" src=\"https:\/\/unispourtous.fr\/wp-content\/uploads\/2026\/02\/Sans-titre-4-300x200.png\" alt=\"\" width=\"300\" height=\"200\" srcset=\"https:\/\/unispourtous.fr\/wp-content\/uploads\/2026\/02\/Sans-titre-4-300x200.png 300w, https:\/\/unispourtous.fr\/wp-content\/uploads\/2026\/02\/Sans-titre-4.png 600w\" sizes=\"(max-width: 300px) 100vw, 300px\" \/><\/p>\t\t\t\t\t\t\t\t<\/div>\n\t\t\t\t<\/div>\n\t\t<div class=\"elementor-element elementor-element-62653f7 e-flex e-con-boxed e-con e-parent\" data-id=\"62653f7\" data-element_type=\"container\">\n\t\t\t\t\t<div class=\"e-con-inner\">\n\t\t\t\t<div class=\"elementor-element elementor-element-bb5a314 elementor-widget elementor-widget-theme-site-logo elementor-widget-image\" data-id=\"bb5a314\" data-element_type=\"widget\" data-widget_type=\"theme-site-logo.default\">\n\t\t\t\t\t\t\t\t\t\t\t<a href=\"https:\/\/unispourtous.fr\">\n\t\t\t<img loading=\"lazy\" decoding=\"async\" width=\"150\" height=\"150\" src=\"https:\/\/unispourtous.fr\/wp-content\/uploads\/2026\/01\/cropped-Copie-de-unis-saint-michel-pour-tous-bat-def-17-12-25-150x150.png\" class=\"attachment-thumbnail size-thumbnail wp-image-106\" alt=\"\" srcset=\"https:\/\/unispourtous.fr\/wp-content\/uploads\/2026\/01\/cropped-Copie-de-unis-saint-michel-pour-tous-bat-def-17-12-25-150x150.png 150w, https:\/\/unispourtous.fr\/wp-content\/uploads\/2026\/01\/cropped-Copie-de-unis-saint-michel-pour-tous-bat-def-17-12-25-300x300.png 300w, https:\/\/unispourtous.fr\/wp-content\/uploads\/2026\/01\/cropped-Copie-de-unis-saint-michel-pour-tous-bat-def-17-12-25-270x270.png 270w, https:\/\/unispourtous.fr\/wp-content\/uploads\/2026\/01\/cropped-Copie-de-unis-saint-michel-pour-tous-bat-def-17-12-25-192x192.png 192w, https:\/\/unispourtous.fr\/wp-content\/uploads\/2026\/01\/cropped-Copie-de-unis-saint-michel-pour-tous-bat-def-17-12-25-180x180.png 180w, https:\/\/unispourtous.fr\/wp-content\/uploads\/2026\/01\/cropped-Copie-de-unis-saint-michel-pour-tous-bat-def-17-12-25-32x32.png 32w, https:\/\/unispourtous.fr\/wp-content\/uploads\/2026\/01\/cropped-Copie-de-unis-saint-michel-pour-tous-bat-def-17-12-25.png 512w\" sizes=\"(max-width: 150px) 100vw, 150px\" \/>\t\t\t\t<\/a>\n\t\t\t\t\t\t\t\t\t\t\t<\/div>\n\t\t\t\t\t<\/div>\n\t\t\t\t<\/div>\n\t\t<div class=\"elementor-element elementor-element-d669b77 e-flex e-con-boxed e-con e-parent\" data-id=\"d669b77\" data-element_type=\"container\">\n\t\t\t\t\t<div class=\"e-con-inner\">\n\t\t\t\t\t<\/div>\n\t\t\t\t<\/div>\n\t\t\t\t<\/div>\n\t\t","protected":false},"excerpt":{"rendered":"<p>Retour sur la journ\u00e9e internationale des luttes des droits des femmes le 8 mars https:\/\/unispourtous.fr\/wp-content\/uploads\/2026\/03\/Isabelle-CATRAIN-GOUDEAU-8-mars-2026.mov RETROUVEZ-NOUS POUR ECHANGER MERCREDI 11 MARS &#8211; 20h SALLE BERLIOZ Pr\u00e9sentation du programme, de la liste, \u00e9changes avec vous Unis, Saint Michel pour Tous \u00e0 votre rencontre \u00e0 la gare https:\/\/unispourtous.fr\/wp-content\/uploads\/2026\/02\/20240224-4.mp4 S\u00e9ance de travail de la liste Unis, Saint Michel [&hellip;]<\/p>\n","protected":false},"author":1,"featured_media":0,"parent":0,"menu_order":0,"comment_status":"closed","ping_status":"closed","template":"","meta":{"footnotes":""},"class_list":["post-417","page","type-page","status-publish","hentry"],"_links":{"self":[{"href":"https:\/\/unispourtous.fr\/index.php\/wp-json\/wp\/v2\/pages\/417","targetHints":{"allow":["GET"]}}],"collection":[{"href":"https:\/\/unispourtous.fr\/index.php\/wp-json\/wp\/v2\/pages"}],"about":[{"href":"https:\/\/unispourtous.fr\/index.php\/wp-json\/wp\/v2\/types\/page"}],"author":[{"embeddable":true,"href":"https:\/\/unispourtous.fr\/index.php\/wp-json\/wp\/v2\/users\/1"}],"replies":[{"embeddable":true,"href":"https:\/\/unispourtous.fr\/index.php\/wp-json\/wp\/v2\/comments?post=417"}],"version-history":[{"count":49,"href":"https:\/\/unispourtous.fr\/index.php\/wp-json\/wp\/v2\/pages\/417\/revisions"}],"predecessor-version":[{"id":1052,"href":"https:\/\/unispourtous.fr\/index.php\/wp-json\/wp\/v2\/pages\/417\/revisions\/1052"}],"wp:attachment":[{"href":"https:\/\/unispourtous.fr\/index.php\/wp-json\/wp\/v2\/media?parent=417"}],"curies":[{"name":"wp","href":"https:\/\/api.w.org\/{rel}","templated":true}]}}